{"id":5,"date":"2016-04-06T15:16:49","date_gmt":"2016-04-06T15:16:49","guid":{"rendered":"http:\/\/livressentiels.wordpress.com\/?page_id=1"},"modified":"2019-03-24T13:10:34","modified_gmt":"2019-03-24T12:10:34","slug":"a-propos","status":"publish","type":"page","link":"https:\/\/griffonotes.com\/index.php\/a-propos\/","title":{"rendered":"\u00c0 propos de Griffo&rsquo;Notes"},"content":{"rendered":"<h2><span style=\"color: #000000;\">Curieuse, testeuse et cr\u00e9ative, la d\u00e9couverte de la pens\u00e9e visuelle \u00e0 \u00e9t\u00e9 magique.<\/span><\/h2>\n<h2><span style=\"color: #000000;\">Je partage ici planches, outils, d\u00e9couvertes et recherches. Vos interrogations, remarques, exp\u00e9riences sont les bienvenues !<br \/>\n<\/span><\/h2>\n","protected":false},"excerpt":{"rendered":"<p>Curieuse, testeuse et cr\u00e9ative, la d\u00e9couverte de la pens\u00e9e visuelle \u00e0 \u00e9t\u00e9 magique. Je partage ici planches, outils, d\u00e9couvertes et recherches. Vos interrogations, remarques, exp\u00e9riences sont les bienvenues !<\/p>\n","protected":false},"author":2,"featured_media":0,"parent":0,"menu_order":0,"comment_status":"open","ping_status":"open","template":"","meta":{"sharing_disabled":false,"spay_email":""},"yoast_head":"<!-- This site is optimized with the Yoast SEO plugin v19.4 - https:\/\/yoast.com\/wordpress\/plugins\/seo\/ -->\n<title>\u00c0 propos de Griffo&#039;Notes - Griffo&#039;Notes<\/title>\n<meta name=\"robots\" content=\"index, follow, max-snippet:-1, max-image-preview:large, max-video-preview:-1\" \/>\n<link rel=\"canonical\" href=\"https:\/\/griffonotes.com\/index.php\/a-propos\/\" \/>\n<meta property=\"og:locale\" content=\"fr_FR\" \/>\n<meta property=\"og:type\" content=\"article\" \/>\n<meta property=\"og:title\" content=\"\u00c0 propos de Griffo&#039;Notes - Griffo&#039;Notes\" \/>\n<meta property=\"og:description\" content=\"Curieuse, testeuse et cr\u00e9ative, la d\u00e9couverte de la pens\u00e9e visuelle \u00e0 \u00e9t\u00e9 magique. Je partage ici planches, outils, d\u00e9couvertes et recherches. Vos interrogations, remarques, exp\u00e9riences sont les bienvenues !\" \/>\n<meta property=\"og:url\" content=\"https:\/\/griffonotes.com\/index.php\/a-propos\/\" \/>\n<meta property=\"og:site_name\" content=\"Griffo&#039;Notes\" \/>\n<meta property=\"article:modified_time\" content=\"2019-03-24T12:10:34+00:00\" \/>\n<meta name=\"twitter:card\" content=\"summary_large_image\" \/>\n<script type=\"application\/ld+json\" class=\"yoast-schema-graph\">{\"@context\":\"https:\/\/schema.org\",\"@graph\":[{\"@type\":\"WebSite\",\"@id\":\"https:\/\/griffonotes.com\/#website\",\"url\":\"https:\/\/griffonotes.com\/\",\"name\":\"Griffo&#039;Notes\",\"description\":\"D\u00e9couvrir, apprendre, enseigner et communiquer avec la pens\u00e9e visuelle\",\"potentialAction\":[{\"@type\":\"SearchAction\",\"target\":{\"@type\":\"EntryPoint\",\"urlTemplate\":\"https:\/\/griffonotes.com\/?s={search_term_string}\"},\"query-input\":\"required name=search_term_string\"}],\"inLanguage\":\"fr-FR\"},{\"@type\":\"WebPage\",\"@id\":\"https:\/\/griffonotes.com\/index.php\/a-propos\/\",\"url\":\"https:\/\/griffonotes.com\/index.php\/a-propos\/\",\"name\":\"\u00c0 propos de Griffo'Notes - Griffo&#039;Notes\",\"isPartOf\":{\"@id\":\"https:\/\/griffonotes.com\/#website\"},\"datePublished\":\"2016-04-06T15:16:49+00:00\",\"dateModified\":\"2019-03-24T12:10:34+00:00\",\"breadcrumb\":{\"@id\":\"https:\/\/griffonotes.com\/index.php\/a-propos\/#breadcrumb\"},\"inLanguage\":\"fr-FR\",\"potentialAction\":[{\"@type\":\"ReadAction\",\"target\":[\"https:\/\/griffonotes.com\/index.php\/a-propos\/\"]}]},{\"@type\":\"BreadcrumbList\",\"@id\":\"https:\/\/griffonotes.com\/index.php\/a-propos\/#breadcrumb\",\"itemListElement\":[{\"@type\":\"ListItem\",\"position\":1,\"name\":\"Accueil\",\"item\":\"https:\/\/griffonotes.com\/\"},{\"@type\":\"ListItem\",\"position\":2,\"name\":\"\u00c0 propos de Griffo&rsquo;Notes\"}]}]}<\/script>\n<!-- \/ Yoast SEO plugin. -->","yoast_head_json":{"title":"\u00c0 propos de Griffo'Notes - Griffo&#039;Notes","robots":{"index":"index","follow":"follow","max-snippet":"max-snippet:-1","max-image-preview":"max-image-preview:large","max-video-preview":"max-video-preview:-1"},"canonical":"https:\/\/griffonotes.com\/index.php\/a-propos\/","og_locale":"fr_FR","og_type":"article","og_title":"\u00c0 propos de Griffo'Notes - Griffo&#039;Notes","og_description":"Curieuse, testeuse et cr\u00e9ative, la d\u00e9couverte de la pens\u00e9e visuelle \u00e0 \u00e9t\u00e9 magique. Je partage ici planches, outils, d\u00e9couvertes et recherches. Vos interrogations, remarques, exp\u00e9riences sont les bienvenues !","og_url":"https:\/\/griffonotes.com\/index.php\/a-propos\/","og_site_name":"Griffo&#039;Notes","article_modified_time":"2019-03-24T12:10:34+00:00","twitter_card":"summary_large_image","schema":{"@context":"https:\/\/schema.org","@graph":[{"@type":"WebSite","@id":"https:\/\/griffonotes.com\/#website","url":"https:\/\/griffonotes.com\/","name":"Griffo&#039;Notes","description":"D\u00e9couvrir, apprendre, enseigner et communiquer avec la pens\u00e9e visuelle","potentialAction":[{"@type":"SearchAction","target":{"@type":"EntryPoint","urlTemplate":"https:\/\/griffonotes.com\/?s={search_term_string}"},"query-input":"required name=search_term_string"}],"inLanguage":"fr-FR"},{"@type":"WebPage","@id":"https:\/\/griffonotes.com\/index.php\/a-propos\/","url":"https:\/\/griffonotes.com\/index.php\/a-propos\/","name":"\u00c0 propos de Griffo'Notes - Griffo&#039;Notes","isPartOf":{"@id":"https:\/\/griffonotes.com\/#website"},"datePublished":"2016-04-06T15:16:49+00:00","dateModified":"2019-03-24T12:10:34+00:00","breadcrumb":{"@id":"https:\/\/griffonotes.com\/index.php\/a-propos\/#breadcrumb"},"inLanguage":"fr-FR","potentialAction":[{"@type":"ReadAction","target":["https:\/\/griffonotes.com\/index.php\/a-propos\/"]}]},{"@type":"BreadcrumbList","@id":"https:\/\/griffonotes.com\/index.php\/a-propos\/#breadcrumb","itemListElement":[{"@type":"ListItem","position":1,"name":"Accueil","item":"https:\/\/griffonotes.com\/"},{"@type":"ListItem","position":2,"name":"\u00c0 propos de Griffo&rsquo;Notes"}]}]}},"_links":{"self":[{"href":"https:\/\/griffonotes.com\/index.php\/wp-json\/wp\/v2\/pages\/5"}],"collection":[{"href":"https:\/\/griffonotes.com\/index.php\/wp-json\/wp\/v2\/pages"}],"about":[{"href":"https:\/\/griffonotes.com\/index.php\/wp-json\/wp\/v2\/types\/page"}],"author":[{"embeddable":true,"href":"https:\/\/griffonotes.com\/index.php\/wp-json\/wp\/v2\/users\/2"}],"replies":[{"embeddable":true,"href":"https:\/\/griffonotes.com\/index.php\/wp-json\/wp\/v2\/comments?post=5"}],"version-history":[{"count":3,"href":"https:\/\/griffonotes.com\/index.php\/wp-json\/wp\/v2\/pages\/5\/revisions"}],"predecessor-version":[{"id":836,"href":"https:\/\/griffonotes.com\/index.php\/wp-json\/wp\/v2\/pages\/5\/revisions\/836"}],"wp:attachment":[{"href":"https:\/\/griffonotes.com\/index.php\/wp-json\/wp\/v2\/media?parent=5"}],"curies":[{"name":"wp","href":"https:\/\/api.w.org\/{rel}","templated":true}]}}